{"id":326,"date":"2025-05-06T19:11:51","date_gmt":"2025-05-06T19:11:51","guid":{"rendered":"https:\/\/snkr.felix-saborowski.com\/?page_id=326"},"modified":"2025-07-21T08:51:44","modified_gmt":"2025-07-21T08:51:44","slug":"impressum","status":"publish","type":"page","link":"https:\/\/snkr2design.com\/en\/impressum\/","title":{"rendered":"Impressum"},"content":{"rendered":"<div data-elementor-type=\"wp-page\" data-elementor-id=\"326\" class=\"elementor elementor-326\" data-elementor-post-type=\"page\">\n\t\t\t\t<div class=\"elementor-element elementor-element-f6a1416 e-flex e-con-boxed e-con e-parent\" data-id=\"f6a1416\" data-element_type=\"container\" data-e-type=\"container\">\n\t\t\t\t\t<div class=\"e-con-inner\">\n\t\t\t\t<div class=\"elementor-element elementor-element-f3dc235 elementor-widget elementor-widget-heading\" data-id=\"f3dc235\" data-element_type=\"widget\" data-e-type=\"widget\" data-widget_type=\"heading.default\">\n\t\t\t\t<div class=\"elementor-widget-container\">\n\t\t\t\t\t<h1 class=\"elementor-heading-title elementor-size-default\">Impressum<\/h1>\t\t\t\t<\/div>\n\t\t\t\t<\/div>\n\t\t\t\t<div class=\"elementor-element elementor-element-fa072a0 elementor-widget elementor-widget-text-editor\" data-id=\"fa072a0\" data-element_type=\"widget\" data-e-type=\"widget\" data-widget_type=\"text-editor.default\">\n\t\t\t\t<div class=\"elementor-widget-container\">\n\t\t\t\t\t\t\t\t\t<p><span style=\"color: #000000;\">Kontaktdaten:<\/span><\/p><p><span style=\"color: #000000;\">MD Corporate Fashion GmbH<\/span><br \/><span style=\"color: #000000;\">Engerstrasse 55<\/span><br \/><span style=\"color: #000000;\">47906 Kempen<\/span><br \/><span style=\"color: #000000;\">Deutschland<\/span><\/p><p><span style=\"color: #000000;\"><strong>Telefon<\/strong>:\u00a0<a style=\"color: #000000;\" href=\"tel:+491725352358\">+49 (0) 172 53 52 358<\/a><\/span><br \/><span style=\"color: #000000;\"><strong>Telefonnummer<\/strong>:\u00a0<a style=\"color: #000000;\" href=\"tel:+4921529809800\">02152 980 98 00<\/a><\/span><br \/><span style=\"color: #000000;\"><strong>E-Mail:<\/strong>\u00a0<a style=\"color: #000000;\" href=\"mailto:info@md-corporatefashion.de\">info@md-corporatefashion.de<br \/><\/a><strong>Internet:<\/strong>\u00a0<a style=\"color: #000000;\" href=\"https:\/\/snkr2design.com\/en\/\" target=\"_blank\" rel=\"noreferrer noopener\">www.snkr2design.com<\/a><\/span><\/p><p><span style=\"color: #000000;\">Gesch\u00e4ftsf\u00fchrer: Dirk Medebach<\/span><br \/><span style=\"color: #000000;\">Verantwortlicher \/ Verantwortliche f\u00fcr journalistisch-redaktionelle Inhalte gem\u00e4\u00df \u00a755 Abs.2 RStV: Dirk Medebach<\/span><\/p><p><span style=\"color: #000000;\">Umsatzsteuer-Identifikationsnummer:<\/span><br \/><span style=\"color: #000000;\">DE 313 442 459<\/span><\/p><p><span style=\"color: #000000;\">Register &amp; Registernummer:<\/span><br \/><span style=\"color: #000000;\">Amtsgericht Krefeld<\/span><br \/><span style=\"color: #000000;\">HRB 16334<\/span><\/p><p><span style=\"color: #000000;\">Beschwerdeverfahren via Online-Streitbeilegung f\u00fcr Verbraucher (<a style=\"color: #000000;\" href=\"http:\/\/ec.europa.eu\/consumers\/odr\/\" target=\"_blank\" rel=\"noreferrer noopener\">OS<\/a>)<\/span><br \/><span style=\"color: #000000;\">Wir sind nicht bereit und nicht verpflichtet an einem Streitbeilegungsverfahren vor einer Verbraucherschlichtungsstelle teilzunehmen.<\/span><\/p><p><span style=\"color: #000000;\">Plattform der EU-Kommission zur Online-Streitbeilegung:<\/span><br \/><span style=\"color: #000000;\"><a style=\"color: #000000;\" href=\"http:\/\/www.ec.europa.eu\/consumers\/odr\" target=\"_blank\" rel=\"noreferrer noopener\">www.ec.europa.eu\/consumers\/odr<\/a><\/span><\/p>\t\t\t\t\t\t\t\t<\/div>\n\t\t\t\t<\/div>\n\t\t\t\t\t<\/div>\n\t\t\t\t<\/div>\n\t\t\t\t<\/div>","protected":false},"excerpt":{"rendered":"<p>Impressum Kontaktdaten: MD Corporate Fashion GmbHEngerstrasse 5547906 KempenDeutschland Telefon:\u00a0+49 (0) 172 53 52 358Telefonnummer:\u00a002152 980 98 00E-Mail:\u00a0info@md-corporatefashion.deInternet:\u00a0www.snkr2design.com Gesch\u00e4ftsf\u00fchrer: Dirk MedebachVerantwortlicher \/ Verantwortliche f\u00fcr journalistisch-redaktionelle Inhalte gem\u00e4\u00df \u00a755 Abs.2 RStV: Dirk Medebach Umsatzsteuer-Identifikationsnummer:DE 313 442 459 Register &amp; Registernummer:Amtsgericht KrefeldHRB 16334 Beschwerdeverfahren via Online-Streitbeilegung f\u00fcr Verbraucher (OS)Wir sind nicht bereit und nicht verpflichtet an einem Streitbeilegungsverfahren [&hellip;]<\/p>\n","protected":false},"author":1,"featured_media":0,"parent":0,"menu_order":0,"comment_status":"closed","ping_status":"closed","template":"","meta":{"footnotes":""},"class_list":["post-326","page","type-page","status-publish","hentry"],"yoast_head":"<!-- This site is optimized with the Yoast SEO plugin v27.3 - https:\/\/yoast.com\/product\/yoast-seo-wordpress\/ -->\n<title>Impressum - Snkr2design<\/title>\n<meta name=\"description\" content=\"Das Impressum von SNKRS2DESIGN: Alle Pflichtangaben zum Betreiber der Website \u2013 transparent &amp; gesetzeskonform gem\u00e4\u00df \u00a7 5 TMG.\" \/>\n<meta name=\"robots\" content=\"index, follow, max-snippet:-1, max-image-preview:large, max-video-preview:-1\" \/>\n<link rel=\"canonical\" href=\"https:\/\/snkr2design.com\/en\/impressum\/\" \/>\n<meta property=\"og:locale\" content=\"en_US\" \/>\n<meta property=\"og:type\" content=\"article\" \/>\n<meta property=\"og:title\" content=\"Impressum - Snkr2design\" \/>\n<meta property=\"og:description\" content=\"Das Impressum von SNKRS2DESIGN: Alle Pflichtangaben zum Betreiber der Website \u2013 transparent &amp; gesetzeskonform gem\u00e4\u00df \u00a7 5 TMG.\" \/>\n<meta property=\"og:url\" content=\"https:\/\/snkr2design.com\/en\/impressum\/\" \/>\n<meta property=\"og:site_name\" content=\"Snkr2design\" \/>\n<meta property=\"article:modified_time\" content=\"2025-07-21T08:51:44+00:00\" \/>\n<meta name=\"twitter:card\" content=\"summary_large_image\" \/>\n<meta name=\"twitter:label1\" content=\"Est. reading time\" \/>\n\t<meta name=\"twitter:data1\" content=\"1 minute\" \/>\n<script type=\"application\/ld+json\" class=\"yoast-schema-graph\">{\"@context\":\"https:\\\/\\\/schema.org\",\"@graph\":[{\"@type\":\"WebPage\",\"@id\":\"https:\\\/\\\/snkr2design.com\\\/en\\\/impressum\\\/\",\"url\":\"https:\\\/\\\/snkr2design.com\\\/en\\\/impressum\\\/\",\"name\":\"Impressum - Snkr2design\",\"isPartOf\":{\"@id\":\"https:\\\/\\\/snkr2design.com\\\/#website\"},\"datePublished\":\"2025-05-06T19:11:51+00:00\",\"dateModified\":\"2025-07-21T08:51:44+00:00\",\"description\":\"Das Impressum von SNKRS2DESIGN: Alle Pflichtangaben zum Betreiber der Website \u2013 transparent & gesetzeskonform gem\u00e4\u00df \u00a7 5 TMG.\",\"breadcrumb\":{\"@id\":\"https:\\\/\\\/snkr2design.com\\\/en\\\/impressum\\\/#breadcrumb\"},\"inLanguage\":\"en-US\",\"potentialAction\":[{\"@type\":\"ReadAction\",\"target\":[\"https:\\\/\\\/snkr2design.com\\\/en\\\/impressum\\\/\"]}]},{\"@type\":\"BreadcrumbList\",\"@id\":\"https:\\\/\\\/snkr2design.com\\\/en\\\/impressum\\\/#breadcrumb\",\"itemListElement\":[{\"@type\":\"ListItem\",\"position\":1,\"name\":\"Startseite\",\"item\":\"https:\\\/\\\/snkr2design.com\\\/\"},{\"@type\":\"ListItem\",\"position\":2,\"name\":\"Impressum\"}]},{\"@type\":\"WebSite\",\"@id\":\"https:\\\/\\\/snkr2design.com\\\/#website\",\"url\":\"https:\\\/\\\/snkr2design.com\\\/\",\"name\":\"Snkr2design\",\"description\":\"\",\"publisher\":{\"@id\":\"https:\\\/\\\/snkr2design.com\\\/#organization\"},\"potentialAction\":[{\"@type\":\"SearchAction\",\"target\":{\"@type\":\"EntryPoint\",\"urlTemplate\":\"https:\\\/\\\/snkr2design.com\\\/?s={search_term_string}\"},\"query-input\":{\"@type\":\"PropertyValueSpecification\",\"valueRequired\":true,\"valueName\":\"search_term_string\"}}],\"inLanguage\":\"en-US\"},{\"@type\":\"Organization\",\"@id\":\"https:\\\/\\\/snkr2design.com\\\/#organization\",\"name\":\"Snkr2design\",\"url\":\"https:\\\/\\\/snkr2design.com\\\/\",\"logo\":{\"@type\":\"ImageObject\",\"inLanguage\":\"en-US\",\"@id\":\"https:\\\/\\\/snkr2design.com\\\/#\\\/schema\\\/logo\\\/image\\\/\",\"url\":\"https:\\\/\\\/snkr.felix-saborowski.com\\\/wp-content\\\/uploads\\\/2025\\\/03\\\/sneaker-logo.png\",\"contentUrl\":\"https:\\\/\\\/snkr.felix-saborowski.com\\\/wp-content\\\/uploads\\\/2025\\\/03\\\/sneaker-logo.png\",\"width\":893,\"height\":434,\"caption\":\"Snkr2design\"},\"image\":{\"@id\":\"https:\\\/\\\/snkr2design.com\\\/#\\\/schema\\\/logo\\\/image\\\/\"}}]}<\/script>\n<!-- \/ Yoast SEO plugin. -->","yoast_head_json":{"title":"Impressum - Snkr2design","description":"Das Impressum von SNKRS2DESIGN: Alle Pflichtangaben zum Betreiber der Website \u2013 transparent & gesetzeskonform gem\u00e4\u00df \u00a7 5 TMG.","robots":{"index":"index","follow":"follow","max-snippet":"max-snippet:-1","max-image-preview":"max-image-preview:large","max-video-preview":"max-video-preview:-1"},"canonical":"https:\/\/snkr2design.com\/en\/impressum\/","og_locale":"en_US","og_type":"article","og_title":"Impressum - Snkr2design","og_description":"Das Impressum von SNKRS2DESIGN: Alle Pflichtangaben zum Betreiber der Website \u2013 transparent & gesetzeskonform gem\u00e4\u00df \u00a7 5 TMG.","og_url":"https:\/\/snkr2design.com\/en\/impressum\/","og_site_name":"Snkr2design","article_modified_time":"2025-07-21T08:51:44+00:00","twitter_card":"summary_large_image","twitter_misc":{"Est. reading time":"1 minute"},"schema":{"@context":"https:\/\/schema.org","@graph":[{"@type":"WebPage","@id":"https:\/\/snkr2design.com\/en\/impressum\/","url":"https:\/\/snkr2design.com\/en\/impressum\/","name":"Impressum - Snkr2design","isPartOf":{"@id":"https:\/\/snkr2design.com\/#website"},"datePublished":"2025-05-06T19:11:51+00:00","dateModified":"2025-07-21T08:51:44+00:00","description":"Das Impressum von SNKRS2DESIGN: Alle Pflichtangaben zum Betreiber der Website \u2013 transparent & gesetzeskonform gem\u00e4\u00df \u00a7 5 TMG.","breadcrumb":{"@id":"https:\/\/snkr2design.com\/en\/impressum\/#breadcrumb"},"inLanguage":"en-US","potentialAction":[{"@type":"ReadAction","target":["https:\/\/snkr2design.com\/en\/impressum\/"]}]},{"@type":"BreadcrumbList","@id":"https:\/\/snkr2design.com\/en\/impressum\/#breadcrumb","itemListElement":[{"@type":"ListItem","position":1,"name":"Startseite","item":"https:\/\/snkr2design.com\/"},{"@type":"ListItem","position":2,"name":"Impressum"}]},{"@type":"WebSite","@id":"https:\/\/snkr2design.com\/#website","url":"https:\/\/snkr2design.com\/","name":"Snkr2design","description":"","publisher":{"@id":"https:\/\/snkr2design.com\/#organization"},"potentialAction":[{"@type":"SearchAction","target":{"@type":"EntryPoint","urlTemplate":"https:\/\/snkr2design.com\/?s={search_term_string}"},"query-input":{"@type":"PropertyValueSpecification","valueRequired":true,"valueName":"search_term_string"}}],"inLanguage":"en-US"},{"@type":"Organization","@id":"https:\/\/snkr2design.com\/#organization","name":"Snkr2design","url":"https:\/\/snkr2design.com\/","logo":{"@type":"ImageObject","inLanguage":"en-US","@id":"https:\/\/snkr2design.com\/#\/schema\/logo\/image\/","url":"https:\/\/snkr.felix-saborowski.com\/wp-content\/uploads\/2025\/03\/sneaker-logo.png","contentUrl":"https:\/\/snkr.felix-saborowski.com\/wp-content\/uploads\/2025\/03\/sneaker-logo.png","width":893,"height":434,"caption":"Snkr2design"},"image":{"@id":"https:\/\/snkr2design.com\/#\/schema\/logo\/image\/"}}]}},"_links":{"self":[{"href":"https:\/\/snkr2design.com\/en\/wp-json\/wp\/v2\/pages\/326","targetHints":{"allow":["GET"]}}],"collection":[{"href":"https:\/\/snkr2design.com\/en\/wp-json\/wp\/v2\/pages"}],"about":[{"href":"https:\/\/snkr2design.com\/en\/wp-json\/wp\/v2\/types\/page"}],"author":[{"embeddable":true,"href":"https:\/\/snkr2design.com\/en\/wp-json\/wp\/v2\/users\/1"}],"replies":[{"embeddable":true,"href":"https:\/\/snkr2design.com\/en\/wp-json\/wp\/v2\/comments?post=326"}],"version-history":[{"count":0,"href":"https:\/\/snkr2design.com\/en\/wp-json\/wp\/v2\/pages\/326\/revisions"}],"wp:attachment":[{"href":"https:\/\/snkr2design.com\/en\/wp-json\/wp\/v2\/media?parent=326"}],"curies":[{"name":"wp","href":"https:\/\/api.w.org\/{rel}","templated":true}]}}