{"id":30,"date":"2025-03-05T19:37:04","date_gmt":"2025-03-05T19:37:04","guid":{"rendered":"https:\/\/snkr.felix-saborowski.com\/?page_id=30"},"modified":"2025-10-08T06:36:40","modified_gmt":"2025-10-08T06:36:40","slug":"weitere-services","status":"publish","type":"page","link":"https:\/\/snkr2design.com\/en\/weitere-services\/","title":{"rendered":"Weitere Services"},"content":{"rendered":"<div data-elementor-type=\"wp-page\" data-elementor-id=\"30\" class=\"elementor elementor-30\" data-elementor-post-type=\"page\">\n\t\t\t\t<div class=\"elementor-element elementor-element-3455152 e-flex e-con-boxed e-con e-parent\" data-id=\"3455152\" data-element_type=\"container\" data-e-type=\"container\" data-settings=\"{&quot;background_background&quot;:&quot;classic&quot;}\">\n\t\t\t\t\t<div class=\"e-con-inner\">\n\t\t\t\t<div class=\"elementor-element elementor-element-6ac43bc elementor-widget elementor-widget-heading\" data-id=\"6ac43bc\" data-element_type=\"widget\" data-e-type=\"widget\" data-widget_type=\"heading.default\">\n\t\t\t\t<div class=\"elementor-widget-container\">\n\t\t\t\t\t<h1 class=\"elementor-heading-title elementor-size-default\">Weitere Services<\/h1>\t\t\t\t<\/div>\n\t\t\t\t<\/div>\n\t\t\t\t<div class=\"elementor-element elementor-element-e3ababf elementor-align-center elementor-widget elementor-widget-button\" data-id=\"e3ababf\" data-element_type=\"widget\" data-e-type=\"widget\" data-widget_type=\"button.default\">\n\t\t\t\t<div class=\"elementor-widget-container\">\n\t\t\t\t\t\t\t\t\t<div class=\"elementor-button-wrapper\">\n\t\t\t\t\t<a class=\"elementor-button elementor-button-link elementor-size-sm\" href=\"https:\/\/snkr.felix-saborowski.com\/jetzt-anfragen-sneaker-trends\/#JETZT\">\n\t\t\t\t\t\t<span class=\"elementor-button-content-wrapper\">\n\t\t\t\t\t\t\t\t\t<span class=\"elementor-button-text\">INQUIRE NOW<\/span>\n\t\t\t\t\t<\/span>\n\t\t\t\t\t<\/a>\n\t\t\t\t<\/div>\n\t\t\t\t\t\t\t\t<\/div>\n\t\t\t\t<\/div>\n\t\t\t\t\t<\/div>\n\t\t\t\t<\/div>\n\t\t<div class=\"elementor-element elementor-element-ce514c2 e-flex e-con-boxed e-con e-parent\" data-id=\"ce514c2\" data-element_type=\"container\" data-e-type=\"container\">\n\t\t\t\t\t<div class=\"e-con-inner\">\n\t\t<div class=\"elementor-element elementor-element-166ce69 e-con-full e-flex e-con e-child\" data-id=\"166ce69\" data-element_type=\"container\" data-e-type=\"container\">\n\t\t\t\t<div class=\"elementor-element elementor-element-1e45784 elementor-widget elementor-widget-heading\" data-id=\"1e45784\" data-element_type=\"widget\" data-e-type=\"widget\" data-widget_type=\"heading.default\">\n\t\t\t\t<div class=\"elementor-widget-container\">\n\t\t\t\t\t<h2 class=\"elementor-heading-title elementor-size-default\">Sneaker, Hoodies, Polos, Sweatjacken, Accessoires mit Firmenlogo. Alles aus einer Hand.\n\n<\/h2>\t\t\t\t<\/div>\n\t\t\t\t<\/div>\n\t\t<div class=\"elementor-element elementor-element-0d31d40 e-con-full e-flex e-con e-child\" data-id=\"0d31d40\" data-element_type=\"container\" data-e-type=\"container\">\n\t\t\t\t<div class=\"elementor-element elementor-element-ce5662c elementor-widget elementor-widget-heading\" data-id=\"ce5662c\" data-element_type=\"widget\" data-e-type=\"widget\" data-widget_type=\"heading.default\">\n\t\t\t\t<div class=\"elementor-widget-container\">\n\t\t\t\t\t<h2 class=\"elementor-heading-title elementor-size-default\">Firmenkleidung<\/h2>\t\t\t\t<\/div>\n\t\t\t\t<\/div>\n\t\t\t\t<div class=\"elementor-element elementor-element-c3e088d elementor-widget elementor-widget-text-editor\" data-id=\"c3e088d\" data-element_type=\"widget\" data-e-type=\"widget\" data-widget_type=\"text-editor.default\">\n\t\t\t\t<div class=\"elementor-widget-container\">\n\t\t\t\t\t\t\t\t\t<p>Wir bieten stylishe und coole Hoodies, Longsleeves, Polos und Sweatjacken mit Ihrem Firmenlogo \u2013 nat\u00fcrlich individuell veredelt und immer ein echtes Statement f\u00fcr Ihr Unternehmen. Damit setzen Sie nicht nur modische Akzente, sondern zeigen auch Verantwortung: Unsere Produkte bestehen aus zertifizierter Bio-Baumwolle und werden unter nachhaltigen, fairen Bedingungen gefertigt.<\/p>\t\t\t\t\t\t\t\t<\/div>\n\t\t\t\t<\/div>\n\t\t\t\t<\/div>\n\t\t\t\t<\/div>\n\t\t<div class=\"elementor-element elementor-element-5dae3c7 e-con-full e-flex e-con e-child\" data-id=\"5dae3c7\" data-element_type=\"container\" data-e-type=\"container\">\n\t\t<div class=\"elementor-element elementor-element-544c209 e-con-full e-flex e-con e-child\" data-id=\"544c209\" data-element_type=\"container\" data-e-type=\"container\">\n\t\t\t\t<div class=\"elementor-element elementor-element-327b98e elementor-widget elementor-widget-heading\" data-id=\"327b98e\" data-element_type=\"widget\" data-e-type=\"widget\" data-widget_type=\"heading.default\">\n\t\t\t\t<div class=\"elementor-widget-container\">\n\t\t\t\t\t<h2 class=\"elementor-heading-title elementor-size-default\">SNEAKER ACCESSOIRES<\/h2>\t\t\t\t<\/div>\n\t\t\t\t<\/div>\n\t\t\t\t<div class=\"elementor-element elementor-element-d59376a elementor-widget elementor-widget-text-editor\" data-id=\"d59376a\" data-element_type=\"widget\" data-e-type=\"widget\" data-widget_type=\"text-editor.default\">\n\t\t\t\t<div class=\"elementor-widget-container\">\n\t\t\t\t\t\t\t\t\t<p>Sneaker Accessoires:\u00a0<\/p><p>hochwertige Tennissocken, farblich passende Schn\u00fcrsenkel, stylische Lacelocks und vieles mehr. Individuelle Schuhkartons, alles auf Wunsch mit eurem Logo und in eurer Corporate Identity.\u00a0<\/p><p>So wird aus einem einfachen Giveaway ein starkes Markenerlebnis.<\/p>\t\t\t\t\t\t\t\t<\/div>\n\t\t\t\t<\/div>\n\t\t\t\t<\/div>\n\t\t<div class=\"elementor-element elementor-element-5e0f522 e-con-full e-flex e-con e-child\" data-id=\"5e0f522\" data-element_type=\"container\" data-e-type=\"container\">\n\t\t\t\t<div class=\"elementor-element elementor-element-d695408 elementor-widget elementor-widget-heading\" data-id=\"d695408\" data-element_type=\"widget\" data-e-type=\"widget\" data-widget_type=\"heading.default\">\n\t\t\t\t<div class=\"elementor-widget-container\">\n\t\t\t\t\t<h2 class=\"elementor-heading-title elementor-size-default\">PERSONALISIERUNG &amp; EINZIGARTIGKEIT\n<\/h2>\t\t\t\t<\/div>\n\t\t\t\t<\/div>\n\t\t\t\t<div class=\"elementor-element elementor-element-16e8512 elementor-widget elementor-widget-text-editor\" data-id=\"16e8512\" data-element_type=\"widget\" data-e-type=\"widget\" data-widget_type=\"text-editor.default\">\n\t\t\t\t<div class=\"elementor-widget-container\">\n\t\t\t\t\t\t\t\t\t<p data-start=\"183\" data-end=\"599\">Ihr wollt etwas Besonderes?<\/p><p data-start=\"183\" data-end=\"599\">Wir setzen individuelle Personalisierungen auf dem Sneaker und der Sneaker Box um und machen so jedes Projekt zu einem echten Unikat. Unsere gebrandeten Firmenprodukte bieten euch nicht nur Style, sondern auch echten Wiedererkennungswert.<\/p>\t\t\t\t\t\t\t\t<\/div>\n\t\t\t\t<\/div>\n\t\t\t\t<\/div>\n\t\t\t\t<\/div>\n\t\t<div class=\"elementor-element elementor-element-2322ded e-con-full e-flex e-con e-child\" data-id=\"2322ded\" data-element_type=\"container\" data-e-type=\"container\">\n\t\t\t\t<div class=\"elementor-element elementor-element-9643600 elementor-widget elementor-widget-heading\" data-id=\"9643600\" data-element_type=\"widget\" data-e-type=\"widget\" data-widget_type=\"heading.default\">\n\t\t\t\t<div class=\"elementor-widget-container\">\n\t\t\t\t\t<h2 class=\"elementor-heading-title elementor-size-default\">Jetzt seid ihr an der Reihe!<\/h2>\t\t\t\t<\/div>\n\t\t\t\t<\/div>\n\t\t\t\t<div class=\"elementor-element elementor-element-cd98468 elementor-widget elementor-widget-text-editor\" data-id=\"cd98468\" data-element_type=\"widget\" data-e-type=\"widget\" data-widget_type=\"text-editor.default\">\n\t\t\t\t<div class=\"elementor-widget-container\">\n\t\t\t\t\t\t\t\t\t<p class=\"has-text-align-center\">Ab 1 Paar k\u00f6nnt Ihr schon Sneaker mit Logos bei uns <a href=\"https:\/\/snkr.felix-saborowski.com\/jetzt-anfragen-sneaker-trends\/#JETZT\">anfragen<\/a>.\u00a0<br \/>Wir bieten individuelle Beratung zur Sneaker Passform und Gr\u00f6\u00dfenwahl \u2013 damit jeder Schritt sitzt!<\/p>\t\t\t\t\t\t\t\t<\/div>\n\t\t\t\t<\/div>\n\t\t\t\t<div class=\"elementor-element elementor-element-3b59147 elementor-align-center elementor-widget elementor-widget-button\" data-id=\"3b59147\" data-element_type=\"widget\" data-e-type=\"widget\" data-widget_type=\"button.default\">\n\t\t\t\t<div class=\"elementor-widget-container\">\n\t\t\t\t\t\t\t\t\t<div class=\"elementor-button-wrapper\">\n\t\t\t\t\t<a class=\"elementor-button elementor-button-link elementor-size-sm\" href=\"\/en\/jetzt-anfragen-sneaker-trends\/\">\n\t\t\t\t\t\t<span class=\"elementor-button-content-wrapper\">\n\t\t\t\t\t\t\t\t\t<span class=\"elementor-button-text\">SCHICK UNS EINE E-MAIL<\/span>\n\t\t\t\t\t<\/span>\n\t\t\t\t\t<\/a>\n\t\t\t\t<\/div>\n\t\t\t\t\t\t\t\t<\/div>\n\t\t\t\t<\/div>\n\t\t\t\t<\/div>\n\t\t\t\t\t<\/div>\n\t\t\t\t<\/div>\n\t\t<div class=\"elementor-element elementor-element-5a81416 e-flex e-con-boxed e-con e-parent\" data-id=\"5a81416\" data-element_type=\"container\" data-e-type=\"container\" data-settings=\"{&quot;background_background&quot;:&quot;classic&quot;}\">\n\t\t\t\t\t<div class=\"e-con-inner\">\n\t\t\t\t<div class=\"elementor-element elementor-element-a74df6a elementor-widget elementor-widget-spacer\" data-id=\"a74df6a\" data-element_type=\"widget\" data-e-type=\"widget\" data-widget_type=\"spacer.default\">\n\t\t\t\t<div class=\"elementor-widget-container\">\n\t\t\t\t\t\t\t<div class=\"elementor-spacer\">\n\t\t\t<div class=\"elementor-spacer-inner\"><\/div>\n\t\t<\/div>\n\t\t\t\t\t\t<\/div>\n\t\t\t\t<\/div>\n\t\t\t\t\t<\/div>\n\t\t\t\t<\/div>\n\t\t<div class=\"elementor-element elementor-element-e27bc1b e-flex e-con-boxed e-con e-parent\" data-id=\"e27bc1b\" data-element_type=\"container\" data-e-type=\"container\">\n\t\t\t\t\t<div class=\"e-con-inner\">\n\t\t<div class=\"elementor-element elementor-element-5ffde5e e-con-full e-flex e-con e-child\" data-id=\"5ffde5e\" data-element_type=\"container\" data-e-type=\"container\">\n\t\t\t\t<div class=\"elementor-element elementor-element-06b83d1 elementor-widget elementor-widget-image\" data-id=\"06b83d1\" data-element_type=\"widget\" data-e-type=\"widget\" data-widget_type=\"image.default\">\n\t\t\t\t<div class=\"elementor-widget-container\">\n\t\t\t\t\t\t\t\t\t\t\t\t\t\t\t<img fetchpriority=\"high\" decoding=\"async\" width=\"540\" height=\"388\" src=\"https:\/\/snkr2design.com\/wp-content\/uploads\/2025\/05\/noun-sneaker-5442519-1-2.png\" class=\"attachment-large size-large wp-image-213\" alt=\"noun icon\" srcset=\"https:\/\/snkr2design.com\/wp-content\/uploads\/2025\/05\/noun-sneaker-5442519-1-2.png 540w, https:\/\/snkr2design.com\/wp-content\/uploads\/2025\/05\/noun-sneaker-5442519-1-2-300x216.png 300w\" sizes=\"(max-width: 540px) 100vw, 540px\" \/>\t\t\t\t\t\t\t\t\t\t\t\t\t\t\t<\/div>\n\t\t\t\t<\/div>\n\t\t\t\t<\/div>\n\t\t<div class=\"elementor-element elementor-element-2e33286 e-con-full e-flex e-con e-child\" data-id=\"2e33286\" data-element_type=\"container\" data-e-type=\"container\">\n\t\t\t\t<div class=\"elementor-element elementor-element-9e14196 elementor-widget elementor-widget-heading\" data-id=\"9e14196\" data-element_type=\"widget\" data-e-type=\"widget\" data-widget_type=\"heading.default\">\n\t\t\t\t<div class=\"elementor-widget-container\">\n\t\t\t\t\t<h2 class=\"elementor-heading-title elementor-size-default\">Ihr seid euch unsicher, was die Schuhgr\u00f6\u00dfe angeht?<\/h2>\t\t\t\t<\/div>\n\t\t\t\t<\/div>\n\t\t\t\t<div class=\"elementor-element elementor-element-516d9ce elementor-widget elementor-widget-text-editor\" data-id=\"516d9ce\" data-element_type=\"widget\" data-e-type=\"widget\" data-widget_type=\"text-editor.default\">\n\t\t\t\t<div class=\"elementor-widget-container\">\n\t\t\t\t\t\t\t\t\t<p>Alle wichtigen Gr\u00f6\u00dfentabellen der Hersteller haben wir hier f\u00fcr euch verlinkt.<\/p>\t\t\t\t\t\t\t\t<\/div>\n\t\t\t\t<\/div>\n\t\t\t\t<div class=\"elementor-element elementor-element-549bc66 elementor-align-center elementor-widget elementor-widget-button\" data-id=\"549bc66\" data-element_type=\"widget\" data-e-type=\"widget\" data-widget_type=\"button.default\">\n\t\t\t\t<div class=\"elementor-widget-container\">\n\t\t\t\t\t\t\t\t\t<div class=\"elementor-button-wrapper\">\n\t\t\t\t\t<a class=\"elementor-button elementor-button-link elementor-size-sm\" href=\"https:\/\/www.adidas.de\/hilfe\/size_charts\/men-shoes\" target=\"_blank\">\n\t\t\t\t\t\t<span class=\"elementor-button-content-wrapper\">\n\t\t\t\t\t\t\t\t\t<span class=\"elementor-button-text\">ADIDAS SIZE-GUIDE<\/span>\n\t\t\t\t\t<\/span>\n\t\t\t\t\t<\/a>\n\t\t\t\t<\/div>\n\t\t\t\t\t\t\t\t<\/div>\n\t\t\t\t<\/div>\n\t\t\t\t<div class=\"elementor-element elementor-element-4ad68a5 elementor-align-left elementor-widget elementor-widget-button\" data-id=\"4ad68a5\" data-element_type=\"widget\" data-e-type=\"widget\" data-widget_type=\"button.default\">\n\t\t\t\t<div class=\"elementor-widget-container\">\n\t\t\t\t\t\t\t\t\t<div class=\"elementor-button-wrapper\">\n\t\t\t\t\t<a class=\"elementor-button elementor-button-link elementor-size-sm\" href=\"https:\/\/www.nike.com\/size-fit\/mens-footwear\" target=\"_blank\">\n\t\t\t\t\t\t<span class=\"elementor-button-content-wrapper\">\n\t\t\t\t\t\t\t\t\t<span class=\"elementor-button-text\">NIKE SIZE-GUIDE<\/span>\n\t\t\t\t\t<\/span>\n\t\t\t\t\t<\/a>\n\t\t\t\t<\/div>\n\t\t\t\t\t\t\t\t<\/div>\n\t\t\t\t<\/div>\n\t\t\t\t<div class=\"elementor-element elementor-element-eedbd99 elementor-align-center elementor-widget elementor-widget-button\" data-id=\"eedbd99\" data-element_type=\"widget\" data-e-type=\"widget\" data-widget_type=\"button.default\">\n\t\t\t\t<div class=\"elementor-widget-container\">\n\t\t\t\t\t\t\t\t\t<div class=\"elementor-button-wrapper\">\n\t\t\t\t\t<a class=\"elementor-button elementor-button-link elementor-size-sm\" href=\"https:\/\/eu.puma.com\/de\/de\/size-charts.html?utm_source=google&#038;utm_medium=cpc&#038;utm_campaign=PS_GGL_DE_DE_DSA_Brand_Catch_All_SEA_BRAND&#038;gad_source=1&#038;gclid=Cj0KCQjwsuSzBhCLARIsAIcdLm6Lp36XPnMD6lsnkdRrI9PC3LNHnt3OsJLMe4fOVHquFILI6yVEbyIaAhGoEALw_wcB\" target=\"_blank\">\n\t\t\t\t\t\t<span class=\"elementor-button-content-wrapper\">\n\t\t\t\t\t\t\t\t\t<span class=\"elementor-button-text\">PUMA SIZE-GUIDE<\/span>\n\t\t\t\t\t<\/span>\n\t\t\t\t\t<\/a>\n\t\t\t\t<\/div>\n\t\t\t\t\t\t\t\t<\/div>\n\t\t\t\t<\/div>\n\t\t\t\t<div class=\"elementor-element elementor-element-e8aa5a5 elementor-align-center elementor-widget elementor-widget-button\" data-id=\"e8aa5a5\" data-element_type=\"widget\" data-e-type=\"widget\" data-widget_type=\"button.default\">\n\t\t\t\t<div class=\"elementor-widget-container\">\n\t\t\t\t\t\t\t\t\t<div class=\"elementor-button-wrapper\">\n\t\t\t\t\t<a class=\"elementor-button elementor-button-link elementor-size-sm\" href=\"https:\/\/customer-service.on-running.com\/en-us\/size_guide\" target=\"_blank\">\n\t\t\t\t\t\t<span class=\"elementor-button-content-wrapper\">\n\t\t\t\t\t\t\t\t\t<span class=\"elementor-button-text\">ON SIZE-GUIDE<\/span>\n\t\t\t\t\t<\/span>\n\t\t\t\t\t<\/a>\n\t\t\t\t<\/div>\n\t\t\t\t\t\t\t\t<\/div>\n\t\t\t\t<\/div>\n\t\t\t\t<div class=\"elementor-element elementor-element-1221b66 elementor-align-center elementor-widget elementor-widget-button\" data-id=\"1221b66\" data-element_type=\"widget\" data-e-type=\"widget\" data-widget_type=\"button.default\">\n\t\t\t\t<div class=\"elementor-widget-container\">\n\t\t\t\t\t\t\t\t\t<div class=\"elementor-button-wrapper\">\n\t\t\t\t\t<a class=\"elementor-button elementor-button-link elementor-size-sm\" href=\"https:\/\/snkr2design.com\/wp-content\/uploads\/2024\/09\/Groessen.pdf\" rel=\"nofollow\">\n\t\t\t\t\t\t<span class=\"elementor-button-content-wrapper\">\n\t\t\t\t\t\t\t\t\t<span class=\"elementor-button-text\">SNKR2DESIGN<\/span>\n\t\t\t\t\t<\/span>\n\t\t\t\t\t<\/a>\n\t\t\t\t<\/div>\n\t\t\t\t\t\t\t\t<\/div>\n\t\t\t\t<\/div>\n\t\t\t\t<\/div>\n\t\t\t\t\t<\/div>\n\t\t\t\t<\/div>\n\t\t<div class=\"elementor-element elementor-element-c989103 e-flex e-con-boxed e-con e-parent\" data-id=\"c989103\" data-element_type=\"container\" data-e-type=\"container\" data-settings=\"{&quot;background_background&quot;:&quot;classic&quot;}\">\n\t\t\t\t\t<div class=\"e-con-inner\">\n\t\t<div class=\"elementor-element elementor-element-13cb03d e-con-full e-flex e-con e-child\" data-id=\"13cb03d\" data-element_type=\"container\" data-e-type=\"container\">\n\t\t\t\t<div class=\"elementor-element elementor-element-260459b elementor-widget elementor-widget-heading\" data-id=\"260459b\" data-element_type=\"widget\" data-e-type=\"widget\" data-widget_type=\"heading.default\">\n\t\t\t\t<div class=\"elementor-widget-container\">\n\t\t\t\t\t<h2 class=\"elementor-heading-title elementor-size-default\"><a href=\"https:\/\/snkr2design.com\/en\/jetzt-anfragen-sneaker-trends\/#JETZT\">INQUIRE NOW<\/a><\/h2>\t\t\t\t<\/div>\n\t\t\t\t<\/div>\n\t\t\t\t<\/div>\n\t\t\t\t\t<\/div>\n\t\t\t\t<\/div>\n\t\t\t\t<\/div>","protected":false},"excerpt":{"rendered":"<p>Weitere Services JETZT ANFRAGEN Sneaker, Hoodies, Polos, Sweatjacken, Accessoires mit Firmenlogo. Alles aus einer Hand. Firmenkleidung Wir bieten stylishe und coole Hoodies, Longsleeves, Polos und Sweatjacken mit Ihrem Firmenlogo \u2013 nat\u00fcrlich individuell veredelt und immer ein echtes Statement f\u00fcr Ihr Unternehmen. Damit setzen Sie nicht nur modische Akzente, sondern zeigen auch Verantwortung: Unsere Produkte bestehen [&hellip;]<\/p>\n","protected":false},"author":1,"featured_media":0,"parent":0,"menu_order":0,"comment_status":"closed","ping_status":"closed","template":"","meta":{"footnotes":""},"class_list":["post-30","page","type-page","status-publish","hentry"],"yoast_head":"<!-- This site is optimized with the Yoast SEO plugin v27.4 - https:\/\/yoast.com\/product\/yoast-seo-wordpress\/ -->\n<title>Gebrandete Firmenprodukte \u2013 Sneaker, Kleidung &amp; mehr<\/title>\n<meta name=\"description\" content=\"Gebrandete Firmenprodukte wie Sneaker, Kleidung &amp; Zubeh\u00f6r mit Logo. Hochwertig, individuell &amp; schon ab kleinen St\u00fcckzahlen verf\u00fcgbar.\" \/>\n<meta name=\"robots\" content=\"index, follow, max-snippet:-1, max-image-preview:large, max-video-preview:-1\" \/>\n<link rel=\"canonical\" href=\"https:\/\/snkr2design.com\/en\/weitere-services\/\" \/>\n<meta property=\"og:locale\" content=\"en_US\" \/>\n<meta property=\"og:type\" content=\"article\" \/>\n<meta property=\"og:title\" content=\"Gebrandete Firmenprodukte \u2013 Sneaker, Kleidung &amp; mehr\" \/>\n<meta property=\"og:description\" content=\"Gebrandete Firmenprodukte wie Sneaker, Kleidung &amp; Zubeh\u00f6r mit Logo. Hochwertig, individuell &amp; schon ab kleinen St\u00fcckzahlen verf\u00fcgbar.\" \/>\n<meta property=\"og:url\" content=\"https:\/\/snkr2design.com\/en\/weitere-services\/\" \/>\n<meta property=\"og:site_name\" content=\"Snkr2design\" \/>\n<meta property=\"article:modified_time\" content=\"2025-10-08T06:36:40+00:00\" \/>\n<meta property=\"og:image\" content=\"https:\/\/snkr2design.com\/wp-content\/uploads\/2025\/05\/noun-sneaker-5442519-1-2.png\" \/>\n\t<meta property=\"og:image:width\" content=\"540\" \/>\n\t<meta property=\"og:image:height\" content=\"388\" \/>\n\t<meta property=\"og:image:type\" content=\"image\/png\" \/>\n<meta name=\"twitter:card\" content=\"summary_large_image\" \/>\n<meta name=\"twitter:label1\" content=\"Est. reading time\" \/>\n\t<meta name=\"twitter:data1\" content=\"2 minutes\" \/>\n<script type=\"application\/ld+json\" class=\"yoast-schema-graph\">{\"@context\":\"https:\\\/\\\/schema.org\",\"@graph\":[{\"@type\":\"WebPage\",\"@id\":\"https:\\\/\\\/snkr2design.com\\\/weitere-services\\\/\",\"url\":\"https:\\\/\\\/snkr2design.com\\\/weitere-services\\\/\",\"name\":\"Gebrandete Firmenprodukte \u2013 Sneaker, Kleidung & mehr\",\"isPartOf\":{\"@id\":\"https:\\\/\\\/snkr2design.com\\\/#website\"},\"primaryImageOfPage\":{\"@id\":\"https:\\\/\\\/snkr2design.com\\\/weitere-services\\\/#primaryimage\"},\"image\":{\"@id\":\"https:\\\/\\\/snkr2design.com\\\/weitere-services\\\/#primaryimage\"},\"thumbnailUrl\":\"https:\\\/\\\/snkr2design.com\\\/wp-content\\\/uploads\\\/2025\\\/05\\\/noun-sneaker-5442519-1-2.png\",\"datePublished\":\"2025-03-05T19:37:04+00:00\",\"dateModified\":\"2025-10-08T06:36:40+00:00\",\"description\":\"Gebrandete Firmenprodukte wie Sneaker, Kleidung & Zubeh\u00f6r mit Logo. Hochwertig, individuell & schon ab kleinen St\u00fcckzahlen verf\u00fcgbar.\",\"breadcrumb\":{\"@id\":\"https:\\\/\\\/snkr2design.com\\\/weitere-services\\\/#breadcrumb\"},\"inLanguage\":\"en-US\",\"potentialAction\":[{\"@type\":\"ReadAction\",\"target\":[\"https:\\\/\\\/snkr2design.com\\\/weitere-services\\\/\"]}]},{\"@type\":\"ImageObject\",\"inLanguage\":\"en-US\",\"@id\":\"https:\\\/\\\/snkr2design.com\\\/weitere-services\\\/#primaryimage\",\"url\":\"https:\\\/\\\/snkr2design.com\\\/wp-content\\\/uploads\\\/2025\\\/05\\\/noun-sneaker-5442519-1-2.png\",\"contentUrl\":\"https:\\\/\\\/snkr2design.com\\\/wp-content\\\/uploads\\\/2025\\\/05\\\/noun-sneaker-5442519-1-2.png\"},{\"@type\":\"BreadcrumbList\",\"@id\":\"https:\\\/\\\/snkr2design.com\\\/weitere-services\\\/#breadcrumb\",\"itemListElement\":[{\"@type\":\"ListItem\",\"position\":1,\"name\":\"Startseite\",\"item\":\"https:\\\/\\\/snkr2design.com\\\/\"},{\"@type\":\"ListItem\",\"position\":2,\"name\":\"Weitere Services\"}]},{\"@type\":\"WebSite\",\"@id\":\"https:\\\/\\\/snkr2design.com\\\/#website\",\"url\":\"https:\\\/\\\/snkr2design.com\\\/\",\"name\":\"Snkr2design\",\"description\":\"\",\"publisher\":{\"@id\":\"https:\\\/\\\/snkr2design.com\\\/#organization\"},\"potentialAction\":[{\"@type\":\"SearchAction\",\"target\":{\"@type\":\"EntryPoint\",\"urlTemplate\":\"https:\\\/\\\/snkr2design.com\\\/?s={search_term_string}\"},\"query-input\":{\"@type\":\"PropertyValueSpecification\",\"valueRequired\":true,\"valueName\":\"search_term_string\"}}],\"inLanguage\":\"en-US\"},{\"@type\":\"Organization\",\"@id\":\"https:\\\/\\\/snkr2design.com\\\/#organization\",\"name\":\"Snkr2design\",\"url\":\"https:\\\/\\\/snkr2design.com\\\/\",\"logo\":{\"@type\":\"ImageObject\",\"inLanguage\":\"en-US\",\"@id\":\"https:\\\/\\\/snkr2design.com\\\/#\\\/schema\\\/logo\\\/image\\\/\",\"url\":\"https:\\\/\\\/snkr.felix-saborowski.com\\\/wp-content\\\/uploads\\\/2025\\\/03\\\/sneaker-logo.png\",\"contentUrl\":\"https:\\\/\\\/snkr.felix-saborowski.com\\\/wp-content\\\/uploads\\\/2025\\\/03\\\/sneaker-logo.png\",\"width\":893,\"height\":434,\"caption\":\"Snkr2design\"},\"image\":{\"@id\":\"https:\\\/\\\/snkr2design.com\\\/#\\\/schema\\\/logo\\\/image\\\/\"}}]}<\/script>\n<!-- \/ Yoast SEO plugin. -->","yoast_head_json":{"title":"Gebrandete Firmenprodukte \u2013 Sneaker, Kleidung & mehr","description":"Gebrandete Firmenprodukte wie Sneaker, Kleidung & Zubeh\u00f6r mit Logo. Hochwertig, individuell & schon ab kleinen St\u00fcckzahlen verf\u00fcgbar.","robots":{"index":"index","follow":"follow","max-snippet":"max-snippet:-1","max-image-preview":"max-image-preview:large","max-video-preview":"max-video-preview:-1"},"canonical":"https:\/\/snkr2design.com\/en\/weitere-services\/","og_locale":"en_US","og_type":"article","og_title":"Gebrandete Firmenprodukte \u2013 Sneaker, Kleidung & mehr","og_description":"Gebrandete Firmenprodukte wie Sneaker, Kleidung & Zubeh\u00f6r mit Logo. Hochwertig, individuell & schon ab kleinen St\u00fcckzahlen verf\u00fcgbar.","og_url":"https:\/\/snkr2design.com\/en\/weitere-services\/","og_site_name":"Snkr2design","article_modified_time":"2025-10-08T06:36:40+00:00","og_image":[{"width":540,"height":388,"url":"https:\/\/snkr2design.com\/wp-content\/uploads\/2025\/05\/noun-sneaker-5442519-1-2.png","type":"image\/png"}],"twitter_card":"summary_large_image","twitter_misc":{"Est. reading time":"2 minutes"},"schema":{"@context":"https:\/\/schema.org","@graph":[{"@type":"WebPage","@id":"https:\/\/snkr2design.com\/weitere-services\/","url":"https:\/\/snkr2design.com\/weitere-services\/","name":"Gebrandete Firmenprodukte \u2013 Sneaker, Kleidung & mehr","isPartOf":{"@id":"https:\/\/snkr2design.com\/#website"},"primaryImageOfPage":{"@id":"https:\/\/snkr2design.com\/weitere-services\/#primaryimage"},"image":{"@id":"https:\/\/snkr2design.com\/weitere-services\/#primaryimage"},"thumbnailUrl":"https:\/\/snkr2design.com\/wp-content\/uploads\/2025\/05\/noun-sneaker-5442519-1-2.png","datePublished":"2025-03-05T19:37:04+00:00","dateModified":"2025-10-08T06:36:40+00:00","description":"Gebrandete Firmenprodukte wie Sneaker, Kleidung & Zubeh\u00f6r mit Logo. Hochwertig, individuell & schon ab kleinen St\u00fcckzahlen verf\u00fcgbar.","breadcrumb":{"@id":"https:\/\/snkr2design.com\/weitere-services\/#breadcrumb"},"inLanguage":"en-US","potentialAction":[{"@type":"ReadAction","target":["https:\/\/snkr2design.com\/weitere-services\/"]}]},{"@type":"ImageObject","inLanguage":"en-US","@id":"https:\/\/snkr2design.com\/weitere-services\/#primaryimage","url":"https:\/\/snkr2design.com\/wp-content\/uploads\/2025\/05\/noun-sneaker-5442519-1-2.png","contentUrl":"https:\/\/snkr2design.com\/wp-content\/uploads\/2025\/05\/noun-sneaker-5442519-1-2.png"},{"@type":"BreadcrumbList","@id":"https:\/\/snkr2design.com\/weitere-services\/#breadcrumb","itemListElement":[{"@type":"ListItem","position":1,"name":"Startseite","item":"https:\/\/snkr2design.com\/"},{"@type":"ListItem","position":2,"name":"Weitere Services"}]},{"@type":"WebSite","@id":"https:\/\/snkr2design.com\/#website","url":"https:\/\/snkr2design.com\/","name":"Snkr2design","description":"","publisher":{"@id":"https:\/\/snkr2design.com\/#organization"},"potentialAction":[{"@type":"SearchAction","target":{"@type":"EntryPoint","urlTemplate":"https:\/\/snkr2design.com\/?s={search_term_string}"},"query-input":{"@type":"PropertyValueSpecification","valueRequired":true,"valueName":"search_term_string"}}],"inLanguage":"en-US"},{"@type":"Organization","@id":"https:\/\/snkr2design.com\/#organization","name":"Snkr2design","url":"https:\/\/snkr2design.com\/","logo":{"@type":"ImageObject","inLanguage":"en-US","@id":"https:\/\/snkr2design.com\/#\/schema\/logo\/image\/","url":"https:\/\/snkr.felix-saborowski.com\/wp-content\/uploads\/2025\/03\/sneaker-logo.png","contentUrl":"https:\/\/snkr.felix-saborowski.com\/wp-content\/uploads\/2025\/03\/sneaker-logo.png","width":893,"height":434,"caption":"Snkr2design"},"image":{"@id":"https:\/\/snkr2design.com\/#\/schema\/logo\/image\/"}}]}},"_links":{"self":[{"href":"https:\/\/snkr2design.com\/en\/wp-json\/wp\/v2\/pages\/30","targetHints":{"allow":["GET"]}}],"collection":[{"href":"https:\/\/snkr2design.com\/en\/wp-json\/wp\/v2\/pages"}],"about":[{"href":"https:\/\/snkr2design.com\/en\/wp-json\/wp\/v2\/types\/page"}],"author":[{"embeddable":true,"href":"https:\/\/snkr2design.com\/en\/wp-json\/wp\/v2\/users\/1"}],"replies":[{"embeddable":true,"href":"https:\/\/snkr2design.com\/en\/wp-json\/wp\/v2\/comments?post=30"}],"version-history":[{"count":6,"href":"https:\/\/snkr2design.com\/en\/wp-json\/wp\/v2\/pages\/30\/revisions"}],"predecessor-version":[{"id":1669,"href":"https:\/\/snkr2design.com\/en\/wp-json\/wp\/v2\/pages\/30\/revisions\/1669"}],"wp:attachment":[{"href":"https:\/\/snkr2design.com\/en\/wp-json\/wp\/v2\/media?parent=30"}],"curies":[{"name":"wp","href":"https:\/\/api.w.org\/{rel}","templated":true}]}}