{"id":1744,"date":"2025-10-30T21:13:52","date_gmt":"2025-10-30T21:13:52","guid":{"rendered":"https:\/\/snkr2design.com\/?page_id=1744"},"modified":"2025-11-07T09:43:46","modified_gmt":"2025-11-07T09:43:46","slug":"blog-news","status":"publish","type":"page","link":"https:\/\/snkr2design.com\/en\/blog-news\/","title":{"rendered":"Blog\/News"},"content":{"rendered":"<div data-elementor-type=\"wp-page\" data-elementor-id=\"1744\" class=\"elementor elementor-1744\" data-elementor-post-type=\"page\">\n\t\t\t\t<div class=\"elementor-element elementor-element-1f63411 e-flex e-con-boxed e-con e-parent\" data-id=\"1f63411\" data-element_type=\"container\" data-e-type=\"container\">\n\t\t\t\t\t<div class=\"e-con-inner\">\n\t\t\t\t<div class=\"elementor-element elementor-element-64404e6 elementor-widget elementor-widget-heading\" data-id=\"64404e6\" data-element_type=\"widget\" data-e-type=\"widget\" data-widget_type=\"heading.default\">\n\t\t\t\t<div class=\"elementor-widget-container\">\n\t\t\t\t\t<h2 class=\"elementor-heading-title elementor-size-default\">snkrs2design Blog &amp; News<\/h2>\t\t\t\t<\/div>\n\t\t\t\t<\/div>\n\t\t\t\t\t<\/div>\n\t\t\t\t<\/div>\n\t\t<div class=\"elementor-element elementor-element-fac5fbf e-flex e-con-boxed e-con e-parent\" data-id=\"fac5fbf\" data-element_type=\"container\" data-e-type=\"container\">\n\t\t\t\t\t<div class=\"e-con-inner\">\n\t\t\t\t<div class=\"elementor-element elementor-element-b682cc9 elementor-grid-2 elementor-grid-tablet-2 elementor-grid-mobile-1 elementor-posts--thumbnail-top elementor-card-shadow-yes elementor-posts__hover-gradient elementor-widget elementor-widget-posts\" data-id=\"b682cc9\" data-element_type=\"widget\" data-e-type=\"widget\" data-settings=\"{&quot;cards_columns&quot;:&quot;2&quot;,&quot;cards_columns_tablet&quot;:&quot;2&quot;,&quot;cards_columns_mobile&quot;:&quot;1&quot;,&quot;cards_row_gap&quot;:{&quot;unit&quot;:&quot;px&quot;,&quot;size&quot;:35,&quot;sizes&quot;:[]},&quot;cards_row_gap_tablet&quot;:{&quot;unit&quot;:&quot;px&quot;,&quot;size&quot;:&quot;&quot;,&quot;sizes&quot;:[]},&quot;cards_row_gap_mobile&quot;:{&quot;unit&quot;:&quot;px&quot;,&quot;size&quot;:&quot;&quot;,&quot;sizes&quot;:[]}}\" data-widget_type=\"posts.cards\">\n\t\t\t\t<div class=\"elementor-widget-container\">\n\t\t\t\t\t\t\t<div class=\"elementor-posts-container elementor-posts elementor-posts--skin-cards elementor-grid\" role=\"list\">\n\t\t\t\t<article class=\"elementor-post elementor-grid-item post-1991 post type-post status-publish format-standard has-post-thumbnail hentry category-uncategorized\" role=\"listitem\">\n\t\t\t<div class=\"elementor-post__card\">\n\t\t\t\t<a class=\"elementor-post__thumbnail__link\" href=\"https:\/\/snkr2design.com\/en\/bjoern-dunkerbeck-vom-windsurf-weltmeister-zum-exklusiven-sneaker-design\/\" tabindex=\"-1\" ><div class=\"elementor-post__thumbnail\"><img fetchpriority=\"high\" decoding=\"async\" width=\"768\" height=\"1024\" src=\"https:\/\/snkr2design.com\/wp-content\/uploads\/2026\/01\/personalisierter-Sneaker_bjoern-dunkerbeck-768x1024.webp\" class=\"attachment-medium_large size-medium_large wp-image-1992 not-transparent\" alt=\"\" srcset=\"https:\/\/snkr2design.com\/wp-content\/uploads\/2026\/01\/personalisierter-Sneaker_bjoern-dunkerbeck-768x1024.webp 768w, https:\/\/snkr2design.com\/wp-content\/uploads\/2026\/01\/personalisierter-Sneaker_bjoern-dunkerbeck-225x300.webp 225w, https:\/\/snkr2design.com\/wp-content\/uploads\/2026\/01\/personalisierter-Sneaker_bjoern-dunkerbeck-1152x1536.webp 1152w, https:\/\/snkr2design.com\/wp-content\/uploads\/2026\/01\/personalisierter-Sneaker_bjoern-dunkerbeck-9x12.webp 9w, https:\/\/snkr2design.com\/wp-content\/uploads\/2026\/01\/personalisierter-Sneaker_bjoern-dunkerbeck.webp 1200w\" sizes=\"(max-width: 768px) 100vw, 768px\" data-has-transparency=\"false\" data-dominant-color=\"5c6566\" style=\"--dominant-color: #5c6566;\" \/><\/div><\/a>\n\t\t\t\t<div class=\"elementor-post__text\">\n\t\t\t\t<h3 class=\"elementor-post__title\">\n\t\t\t<a href=\"https:\/\/snkr2design.com\/en\/bjoern-dunkerbeck-vom-windsurf-weltmeister-zum-exklusiven-sneaker-design\/\" >\n\t\t\t\tBj\u00f6rn Dunkerbeck: Vom Windsurf-Weltmeister zum exklusiven Sneaker-Design\t\t\t<\/a>\n\t\t<\/h3>\n\t\t\t\t<div class=\"elementor-post__excerpt\">\n\t\t\t<p>Bj\u00f6rn Dunkerbeck\u00a0ist eine lebende Legende des Windsurfens und z\u00e4hlt zu den erfolgreichsten Profisportlern der Welt. Mit\u00a042 Weltmeistertiteln\u00a0in unterschiedlichen Disziplinen wie\u00a0Wave, Slalom, Racing, Freestyle und Speed\u00a0hat<\/p>\n\t\t<\/div>\n\t\t\n\t\t<a class=\"elementor-post__read-more\" href=\"https:\/\/snkr2design.com\/en\/bjoern-dunkerbeck-vom-windsurf-weltmeister-zum-exklusiven-sneaker-design\/\" aria-label=\"Read more about Bj\u00f6rn Dunkerbeck: Vom Windsurf-Weltmeister zum exklusiven Sneaker-Design\" tabindex=\"-1\" >\n\t\t\tWeiterlesen \u00bb\t\t<\/a>\n\n\t\t\t\t<\/div>\n\t\t\t\t\t<\/div>\n\t\t<\/article>\n\t\t\t\t<article class=\"elementor-post elementor-grid-item post-1762 post type-post status-publish format-standard has-post-thumbnail hentry category-uncategorized\" role=\"listitem\">\n\t\t\t<div class=\"elementor-post__card\">\n\t\t\t\t<a class=\"elementor-post__thumbnail__link\" href=\"https:\/\/snkr2design.com\/en\/unvergessliche-firmenevents-mit-snkr2design-kreativitaet-trifft-teamgeist\/\" tabindex=\"-1\" ><div class=\"elementor-post__thumbnail\"><img decoding=\"async\" width=\"768\" height=\"768\" src=\"https:\/\/snkr2design.com\/wp-content\/uploads\/2025\/10\/WhatsApp-Image-2025-09-19-at-10.29.43-768x768.jpeg\" class=\"attachment-medium_large size-medium_large wp-image-1838 not-transparent\" alt=\"Sneaker mit Firmenlogo\" srcset=\"https:\/\/snkr2design.com\/wp-content\/uploads\/2025\/10\/WhatsApp-Image-2025-09-19-at-10.29.43-768x768.jpeg 768w, https:\/\/snkr2design.com\/wp-content\/uploads\/2025\/10\/WhatsApp-Image-2025-09-19-at-10.29.43-300x300.jpeg 300w, https:\/\/snkr2design.com\/wp-content\/uploads\/2025\/10\/WhatsApp-Image-2025-09-19-at-10.29.43-1024x1024.jpeg 1024w, https:\/\/snkr2design.com\/wp-content\/uploads\/2025\/10\/WhatsApp-Image-2025-09-19-at-10.29.43-150x150.jpeg 150w, https:\/\/snkr2design.com\/wp-content\/uploads\/2025\/10\/WhatsApp-Image-2025-09-19-at-10.29.43-12x12.jpeg 12w, https:\/\/snkr2design.com\/wp-content\/uploads\/2025\/10\/WhatsApp-Image-2025-09-19-at-10.29.43.jpeg 1200w\" sizes=\"(max-width: 768px) 100vw, 768px\" data-has-transparency=\"false\" data-dominant-color=\"eceae9\" style=\"--dominant-color: #eceae9;\" \/><\/div><\/a>\n\t\t\t\t<div class=\"elementor-post__text\">\n\t\t\t\t<h3 class=\"elementor-post__title\">\n\t\t\t<a href=\"https:\/\/snkr2design.com\/en\/unvergessliche-firmenevents-mit-snkr2design-kreativitaet-trifft-teamgeist\/\" >\n\t\t\t\tbe unique &#8211; be visible &#8211; be different\t\t\t<\/a>\n\t\t<\/h3>\n\t\t\t\t<div class=\"elementor-post__excerpt\">\n\t\t\t<p>Sneaker Projekt mit Kunden Transgourmet<\/p>\t\t<\/div>\n\t\t\n\t\t<a class=\"elementor-post__read-more\" href=\"https:\/\/snkr2design.com\/en\/unvergessliche-firmenevents-mit-snkr2design-kreativitaet-trifft-teamgeist\/\" aria-label=\"Read more about be unique &#8211; be visible &#8211; be different\" tabindex=\"-1\" >\n\t\t\tWeiterlesen \u00bb\t\t<\/a>\n\n\t\t\t\t<\/div>\n\t\t\t\t\t<\/div>\n\t\t<\/article>\n\t\t\t\t<article class=\"elementor-post elementor-grid-item post-1757 post type-post status-publish format-standard has-post-thumbnail hentry category-uncategorized\" role=\"listitem\">\n\t\t\t<div class=\"elementor-post__card\">\n\t\t\t\t<a class=\"elementor-post__thumbnail__link\" href=\"https:\/\/snkr2design.com\/en\/unverwechselbar-auftreten-deine-reise-in-die-welt-der-personalisierten-sneaker\/\" tabindex=\"-1\" ><div class=\"elementor-post__thumbnail\"><img decoding=\"async\" width=\"768\" height=\"768\" src=\"https:\/\/snkr2design.com\/wp-content\/uploads\/2025\/10\/WhatsApp-Image-2025-09-22-at-08.50.43-768x768.jpeg\" class=\"attachment-medium_large size-medium_large wp-image-1839 not-transparent\" alt=\"ID Sneaker Firma Green Choice\" srcset=\"https:\/\/snkr2design.com\/wp-content\/uploads\/2025\/10\/WhatsApp-Image-2025-09-22-at-08.50.43-768x768.jpeg 768w, https:\/\/snkr2design.com\/wp-content\/uploads\/2025\/10\/WhatsApp-Image-2025-09-22-at-08.50.43-300x300.jpeg 300w, https:\/\/snkr2design.com\/wp-content\/uploads\/2025\/10\/WhatsApp-Image-2025-09-22-at-08.50.43-1024x1024.jpeg 1024w, https:\/\/snkr2design.com\/wp-content\/uploads\/2025\/10\/WhatsApp-Image-2025-09-22-at-08.50.43-150x150.jpeg 150w, https:\/\/snkr2design.com\/wp-content\/uploads\/2025\/10\/WhatsApp-Image-2025-09-22-at-08.50.43-12x12.jpeg 12w, https:\/\/snkr2design.com\/wp-content\/uploads\/2025\/10\/WhatsApp-Image-2025-09-22-at-08.50.43.jpeg 1200w\" sizes=\"(max-width: 768px) 100vw, 768px\" data-has-transparency=\"false\" data-dominant-color=\"eaeaeb\" style=\"--dominant-color: #eaeaeb;\" \/><\/div><\/a>\n\t\t\t\t<div class=\"elementor-post__text\">\n\t\t\t\t<h3 class=\"elementor-post__title\">\n\t\t\t<a href=\"https:\/\/snkr2design.com\/en\/unverwechselbar-auftreten-deine-reise-in-die-welt-der-personalisierten-sneaker\/\" >\n\t\t\t\tDeine Visitenkarte zum schn\u00fcren!\t\t\t<\/a>\n\t\t<\/h3>\n\t\t\t\t<div class=\"elementor-post__excerpt\">\n\t\t\t<p>Gestalte deinen eigenen Stil mit Custom Sneakern von SNKR2DESIGN aus Kempen. Handgemachte Unikate, kreative Designs und individuelle Kunstwerke f\u00fcr deine F\u00fc\u00dfe.<\/p>\t\t<\/div>\n\t\t\n\t\t<a class=\"elementor-post__read-more\" href=\"https:\/\/snkr2design.com\/en\/unverwechselbar-auftreten-deine-reise-in-die-welt-der-personalisierten-sneaker\/\" aria-label=\"Read more about Deine Visitenkarte zum schn\u00fcren!\" tabindex=\"-1\" >\n\t\t\tWeiterlesen \u00bb\t\t<\/a>\n\n\t\t\t\t<\/div>\n\t\t\t\t\t<\/div>\n\t\t<\/article>\n\t\t\t\t<\/div>\n\t\t\n\t\t\t\t\t\t<\/div>\n\t\t\t\t<\/div>\n\t\t\t\t\t<\/div>\n\t\t\t\t<\/div>\n\t\t\t\t<\/div>","protected":false},"excerpt":{"rendered":"<p>snkrs2design Blog &amp; News<\/p>","protected":false},"author":2,"featured_media":0,"parent":0,"menu_order":0,"comment_status":"closed","ping_status":"closed","template":"","meta":{"footnotes":""},"class_list":["post-1744","page","type-page","status-publish","hentry"],"yoast_head":"<!-- This site is optimized with the Yoast SEO plugin v27.3 - https:\/\/yoast.com\/product\/yoast-seo-wordpress\/ -->\n<title>Blog\/News - Snkr2design<\/title>\n<meta name=\"robots\" content=\"index, follow, max-snippet:-1, max-image-preview:large, max-video-preview:-1\" \/>\n<link rel=\"canonical\" href=\"https:\/\/snkr2design.com\/en\/blog-news\/\" \/>\n<meta property=\"og:locale\" content=\"en_US\" \/>\n<meta property=\"og:type\" content=\"article\" \/>\n<meta property=\"og:title\" content=\"Blog\/News - Snkr2design\" \/>\n<meta property=\"og:description\" content=\"snkrs2design Blog &amp; News\" \/>\n<meta property=\"og:url\" content=\"https:\/\/snkr2design.com\/en\/blog-news\/\" \/>\n<meta property=\"og:site_name\" content=\"Snkr2design\" \/>\n<meta property=\"article:modified_time\" content=\"2025-11-07T09:43:46+00:00\" \/>\n<meta name=\"twitter:card\" content=\"summary_large_image\" \/>\n<meta name=\"twitter:label1\" content=\"Est. reading time\" \/>\n\t<meta name=\"twitter:data1\" content=\"1 minute\" \/>\n<script type=\"application\/ld+json\" class=\"yoast-schema-graph\">{\"@context\":\"https:\\\/\\\/schema.org\",\"@graph\":[{\"@type\":\"WebPage\",\"@id\":\"https:\\\/\\\/snkr2design.com\\\/blog-news\\\/\",\"url\":\"https:\\\/\\\/snkr2design.com\\\/blog-news\\\/\",\"name\":\"Blog\\\/News - Snkr2design\",\"isPartOf\":{\"@id\":\"https:\\\/\\\/snkr2design.com\\\/#website\"},\"datePublished\":\"2025-10-30T21:13:52+00:00\",\"dateModified\":\"2025-11-07T09:43:46+00:00\",\"breadcrumb\":{\"@id\":\"https:\\\/\\\/snkr2design.com\\\/blog-news\\\/#breadcrumb\"},\"inLanguage\":\"en-US\",\"potentialAction\":[{\"@type\":\"ReadAction\",\"target\":[\"https:\\\/\\\/snkr2design.com\\\/blog-news\\\/\"]}]},{\"@type\":\"BreadcrumbList\",\"@id\":\"https:\\\/\\\/snkr2design.com\\\/blog-news\\\/#breadcrumb\",\"itemListElement\":[{\"@type\":\"ListItem\",\"position\":1,\"name\":\"Startseite\",\"item\":\"https:\\\/\\\/snkr2design.com\\\/\"},{\"@type\":\"ListItem\",\"position\":2,\"name\":\"Blog\\\/News\"}]},{\"@type\":\"WebSite\",\"@id\":\"https:\\\/\\\/snkr2design.com\\\/#website\",\"url\":\"https:\\\/\\\/snkr2design.com\\\/\",\"name\":\"Snkr2design\",\"description\":\"\",\"publisher\":{\"@id\":\"https:\\\/\\\/snkr2design.com\\\/#organization\"},\"potentialAction\":[{\"@type\":\"SearchAction\",\"target\":{\"@type\":\"EntryPoint\",\"urlTemplate\":\"https:\\\/\\\/snkr2design.com\\\/?s={search_term_string}\"},\"query-input\":{\"@type\":\"PropertyValueSpecification\",\"valueRequired\":true,\"valueName\":\"search_term_string\"}}],\"inLanguage\":\"en-US\"},{\"@type\":\"Organization\",\"@id\":\"https:\\\/\\\/snkr2design.com\\\/#organization\",\"name\":\"Snkr2design\",\"url\":\"https:\\\/\\\/snkr2design.com\\\/\",\"logo\":{\"@type\":\"ImageObject\",\"inLanguage\":\"en-US\",\"@id\":\"https:\\\/\\\/snkr2design.com\\\/#\\\/schema\\\/logo\\\/image\\\/\",\"url\":\"https:\\\/\\\/snkr.felix-saborowski.com\\\/wp-content\\\/uploads\\\/2025\\\/03\\\/sneaker-logo.png\",\"contentUrl\":\"https:\\\/\\\/snkr.felix-saborowski.com\\\/wp-content\\\/uploads\\\/2025\\\/03\\\/sneaker-logo.png\",\"width\":893,\"height\":434,\"caption\":\"Snkr2design\"},\"image\":{\"@id\":\"https:\\\/\\\/snkr2design.com\\\/#\\\/schema\\\/logo\\\/image\\\/\"}}]}<\/script>\n<!-- \/ Yoast SEO plugin. -->","yoast_head_json":{"title":"Blog\/News - Snkr2design","robots":{"index":"index","follow":"follow","max-snippet":"max-snippet:-1","max-image-preview":"max-image-preview:large","max-video-preview":"max-video-preview:-1"},"canonical":"https:\/\/snkr2design.com\/en\/blog-news\/","og_locale":"en_US","og_type":"article","og_title":"Blog\/News - Snkr2design","og_description":"snkrs2design Blog &amp; News","og_url":"https:\/\/snkr2design.com\/en\/blog-news\/","og_site_name":"Snkr2design","article_modified_time":"2025-11-07T09:43:46+00:00","twitter_card":"summary_large_image","twitter_misc":{"Est. reading time":"1 minute"},"schema":{"@context":"https:\/\/schema.org","@graph":[{"@type":"WebPage","@id":"https:\/\/snkr2design.com\/blog-news\/","url":"https:\/\/snkr2design.com\/blog-news\/","name":"Blog\/News - Snkr2design","isPartOf":{"@id":"https:\/\/snkr2design.com\/#website"},"datePublished":"2025-10-30T21:13:52+00:00","dateModified":"2025-11-07T09:43:46+00:00","breadcrumb":{"@id":"https:\/\/snkr2design.com\/blog-news\/#breadcrumb"},"inLanguage":"en-US","potentialAction":[{"@type":"ReadAction","target":["https:\/\/snkr2design.com\/blog-news\/"]}]},{"@type":"BreadcrumbList","@id":"https:\/\/snkr2design.com\/blog-news\/#breadcrumb","itemListElement":[{"@type":"ListItem","position":1,"name":"Startseite","item":"https:\/\/snkr2design.com\/"},{"@type":"ListItem","position":2,"name":"Blog\/News"}]},{"@type":"WebSite","@id":"https:\/\/snkr2design.com\/#website","url":"https:\/\/snkr2design.com\/","name":"Snkr2design","description":"","publisher":{"@id":"https:\/\/snkr2design.com\/#organization"},"potentialAction":[{"@type":"SearchAction","target":{"@type":"EntryPoint","urlTemplate":"https:\/\/snkr2design.com\/?s={search_term_string}"},"query-input":{"@type":"PropertyValueSpecification","valueRequired":true,"valueName":"search_term_string"}}],"inLanguage":"en-US"},{"@type":"Organization","@id":"https:\/\/snkr2design.com\/#organization","name":"Snkr2design","url":"https:\/\/snkr2design.com\/","logo":{"@type":"ImageObject","inLanguage":"en-US","@id":"https:\/\/snkr2design.com\/#\/schema\/logo\/image\/","url":"https:\/\/snkr.felix-saborowski.com\/wp-content\/uploads\/2025\/03\/sneaker-logo.png","contentUrl":"https:\/\/snkr.felix-saborowski.com\/wp-content\/uploads\/2025\/03\/sneaker-logo.png","width":893,"height":434,"caption":"Snkr2design"},"image":{"@id":"https:\/\/snkr2design.com\/#\/schema\/logo\/image\/"}}]}},"_links":{"self":[{"href":"https:\/\/snkr2design.com\/en\/wp-json\/wp\/v2\/pages\/1744","targetHints":{"allow":["GET"]}}],"collection":[{"href":"https:\/\/snkr2design.com\/en\/wp-json\/wp\/v2\/pages"}],"about":[{"href":"https:\/\/snkr2design.com\/en\/wp-json\/wp\/v2\/types\/page"}],"author":[{"embeddable":true,"href":"https:\/\/snkr2design.com\/en\/wp-json\/wp\/v2\/users\/2"}],"replies":[{"embeddable":true,"href":"https:\/\/snkr2design.com\/en\/wp-json\/wp\/v2\/comments?post=1744"}],"version-history":[{"count":22,"href":"https:\/\/snkr2design.com\/en\/wp-json\/wp\/v2\/pages\/1744\/revisions"}],"predecessor-version":[{"id":1836,"href":"https:\/\/snkr2design.com\/en\/wp-json\/wp\/v2\/pages\/1744\/revisions\/1836"}],"wp:attachment":[{"href":"https:\/\/snkr2design.com\/en\/wp-json\/wp\/v2\/media?parent=1744"}],"curies":[{"name":"wp","href":"https:\/\/api.w.org\/{rel}","templated":true}]}}